{"id":26,"date":"2017-09-14T16:24:10","date_gmt":"2017-09-14T16:24:10","guid":{"rendered":"http:\/\/lelumuseohelminauha.fi\/?page_id=26"},"modified":"2025-09-25T09:10:59","modified_gmt":"2025-09-25T07:10:59","slug":"tietoa-meista","status":"publish","type":"page","link":"https:\/\/lelumuseohelminauha.fi\/?page_id=26","title":{"rendered":"Tietoa meist\u00e4"},"content":{"rendered":"\n<p class=\"has-text-align-center\"><strong>Kiitos kaikille k\u00e4ynnist\u00e4 lelumuseolla!   Nyt olemme suljettuna ! Avaamme j\u00e4lleen asiakkaille kes\u00e4ll\u00e4 202<\/strong>6<\/p>\n\n\n\n<div class=\"wp-block-columns is-layout-flex wp-container-core-columns-is-layout-9d6595d7 wp-block-columns-is-layout-flex\">\n<div class=\"wp-block-column is-layout-flow wp-block-column-is-layout-flow\">\n<h2 class=\"has-text-align-center wp-block-heading\">Avoinna<\/h2>\n\n\n\n<p class=\"has-text-align-center\"><strong>Ma<\/strong> Suljettu <\/p>\n\n\n\n<p class=\"has-text-align-center\"><strong>Ti<\/strong> suljettu<\/p>\n\n\n\n<p class=\"has-text-align-center\"><strong>Ke<\/strong> suljettu<\/p>\n\n\n\n<p class=\"has-text-align-center\"><strong>To<\/strong> suljettu<\/p>\n\n\n\n<p class=\"has-text-align-center\"><strong>Pe<\/strong> suljettu<\/p>\n\n\n\n<p class=\"has-text-align-center\"><strong>La <\/strong>suljettu<\/p>\n\n\n\n<p class=\"has-text-align-center\"><strong>Su <\/strong>suljettu<\/p>\n<\/div>\n\n\n\n<div class=\"wp-block-column is-layout-flow wp-block-column-is-layout-flow\">\n<h2 class=\"has-text-align-center wp-block-heading\">Hinnat<\/h2>\n\n\n\n<p class=\"has-text-align-center\"><strong>Lapset:<\/strong> 5e   alle 3vuotiaat ilmaiseksi<\/p>\n\n\n\n<p class=\"has-text-align-center\"><strong>Aikuiset:<\/strong> 10e<\/p>\n\n\n\n<p class=\"has-text-align-center\"><strong>Ryhm\u00e4t:<\/strong> Kaikki ryhm\u00e4liput yli 30hl\u00f6 hinnoitellaan erikseen ryhm\u00e4n koon mukaan. Olettehan yhteydess\u00e4 meihin pakettihintaa varten.<\/p>\n\n\n\n<p class=\"has-text-align-center\">Maksutavaksi meill\u00e4 k\u00e4y kortti ja k\u00e4teinen. Isommat ryhm\u00e4t laskulla.<\/p>\n<\/div>\n<\/div>\n\n\n\n<p>Lelumuseo on avoinna yksityisille kes\u00e4- ja hein\u00e4kuussa-1.8    tervetuloa Sopimuksen mukaan my\u00f6s isommat ryhm\u00e4t . Mik\u00e4li haluatte ryhm\u00e4n kanssa lelumuseoon juuri sinulle sopivana aikana, olethan yhteydess\u00e4 <a href=\"https:\/\/lelumuseohelminauha.fi\/?page_id=41\">Yhteystiedot- sivujemme kautta<\/a>    <\/p>\n\n\n\n<p><strong>ETSIMME JATKAJAA  <\/strong><\/p>\n\n\n\n<p><strong>Lelumuseolle ja koko kiinteist\u00f6lle yhdess\u00e4 tai erikseen!<\/strong><\/p>\n\n\n\n<p>Kauniissa Alhoj\u00e4rven maalaismaisemassa ent. Alhoj\u00e4rven kyl\u00e4koulu   . 3 remontoitua asuntoa 4h+k ,  3h+k ja yksi\u00f6   ja  saunatilat . T\u00e4ll\u00e4 hetkell\u00e4 museon tilat 3 luokkahuonetta ,juhlasali , kahvio  ja  laitoskeitti\u00f6 , varastotilaa runsaasti . kokonaispinta-alat  yht. 1344 neli\u00f6\u00e4 , tontin koko 1,25ha  Kyl\u00e4n uimaranta l\u00e4hell\u00e4 , leikkikentt\u00e4 ja urheilukentt\u00e4 pihapiiriss\u00e4.<\/p>\n\n\n\n<p>Luontopolku   <\/p>\n\n\n\n<p>L\u00e4mmityksen hoitaa ilmavesil\u00e4mp\u00f6pumppu ja ilmal\u00e4mp\u00f6pumppu. varalla \u00f6ljyl\u00e4mmitys.<\/p>\n\n\n\n<p>Jos kiinnostut niin ota yhteytt\u00e4 helin.taila@gmail.com     puh. 0407228647   Kari 0405877338<\/p>\n\n\n\n<p><\/p>\n","protected":false},"excerpt":{"rendered":"<p>Kiitos kaikille k\u00e4ynnist\u00e4 lelumuseolla! Nyt olemme suljettuna ! Avaamme j\u00e4lleen asiakkaille kes\u00e4ll\u00e4 2026 Avoinna Ma Suljettu Ti suljettu Ke suljettu To suljettu Pe suljettu La suljettu Su suljettu Hinnat Lapset: 5e alle 3vuotiaat ilmaiseksi Aikuiset: 10e Ryhm\u00e4t: Kaikki ryhm\u00e4liput yli 30hl\u00f6 hinnoitellaan erikseen ryhm\u00e4n koon mukaan. Olettehan yhteydess\u00e4 meihin pakettihintaa varten. Maksutavaksi meill\u00e4 k\u00e4y kortti<a href=https:\/\/lelumuseohelminauha.fi\/?page_id=26 class=\"read-more\">Read More<\/a><\/p>\n","protected":false},"author":2,"featured_media":0,"parent":0,"menu_order":0,"comment_status":"closed","ping_status":"closed","template":"template-full.php","meta":{"spay_email":"","footnotes":""},"class_list":["post-26","page","type-page","status-publish","hentry"],"yoast_head":"<!-- This site is optimized with the Yoast SEO plugin v16.4 - https:\/\/yoast.com\/wordpress\/plugins\/seo\/ -->\n<title>Tietoa meist\u00e4 - Lelumuseo Helminauha<\/title>\n<meta name=\"robots\" content=\"index, follow, max-snippet:-1, max-image-preview:large, max-video-preview:-1\" \/>\n<link rel=\"canonical\" href=\"https:\/\/lelumuseohelminauha.fi\/?page_id=26\" \/>\n<meta property=\"og:locale\" content=\"en_US\" \/>\n<meta property=\"og:type\" content=\"article\" \/>\n<meta property=\"og:title\" content=\"Tietoa meist\u00e4 - Lelumuseo Helminauha\" \/>\n<meta property=\"og:description\" content=\"Kiitos kaikille k\u00e4ynnist\u00e4 lelumuseolla! Nyt olemme suljettuna ! Avaamme j\u00e4lleen asiakkaille kes\u00e4ll\u00e4 2026 Avoinna Ma Suljettu Ti suljettu Ke suljettu To suljettu Pe suljettu La suljettu Su suljettu Hinnat Lapset: 5e alle 3vuotiaat ilmaiseksi Aikuiset: 10e Ryhm\u00e4t: Kaikki ryhm\u00e4liput yli 30hl\u00f6 hinnoitellaan erikseen ryhm\u00e4n koon mukaan. Olettehan yhteydess\u00e4 meihin pakettihintaa varten. Maksutavaksi meill\u00e4 k\u00e4y korttiRead More\" \/>\n<meta property=\"og:url\" content=\"https:\/\/lelumuseohelminauha.fi\/?page_id=26\" \/>\n<meta property=\"og:site_name\" content=\"Lelumuseo Helminauha\" \/>\n<meta property=\"article:modified_time\" content=\"2025-09-25T07:10:59+00:00\" \/>\n<meta name=\"twitter:card\" content=\"summary_large_image\" \/>\n<meta name=\"twitter:label1\" content=\"Est. reading time\" \/>\n\t<meta name=\"twitter:data1\" content=\"1 minute\" \/>\n<script type=\"application\/ld+json\" class=\"yoast-schema-graph\">{\"@context\":\"https:\/\/schema.org\",\"@graph\":[{\"@type\":\"WebSite\",\"@id\":\"https:\/\/lelumuseohelminauha.fi\/#website\",\"url\":\"https:\/\/lelumuseohelminauha.fi\/\",\"name\":\"Lelumuseo Helminauha\",\"description\":\"Suomen suurin yksityinen Lelumuseo J\\u00e4ms\\u00e4n Alhoj\\u00e4rvell\\u00e4\",\"potentialAction\":[{\"@type\":\"SearchAction\",\"target\":\"https:\/\/lelumuseohelminauha.fi\/?s={search_term_string}\",\"query-input\":\"required name=search_term_string\"}],\"inLanguage\":\"en-US\"},{\"@type\":\"WebPage\",\"@id\":\"https:\/\/lelumuseohelminauha.fi\/?page_id=26#webpage\",\"url\":\"https:\/\/lelumuseohelminauha.fi\/?page_id=26\",\"name\":\"Tietoa meist\\u00e4 - Lelumuseo Helminauha\",\"isPartOf\":{\"@id\":\"https:\/\/lelumuseohelminauha.fi\/#website\"},\"datePublished\":\"2017-09-14T16:24:10+00:00\",\"dateModified\":\"2025-09-25T07:10:59+00:00\",\"breadcrumb\":{\"@id\":\"https:\/\/lelumuseohelminauha.fi\/?page_id=26#breadcrumb\"},\"inLanguage\":\"en-US\",\"potentialAction\":[{\"@type\":\"ReadAction\",\"target\":[\"https:\/\/lelumuseohelminauha.fi\/?page_id=26\"]}]},{\"@type\":\"BreadcrumbList\",\"@id\":\"https:\/\/lelumuseohelminauha.fi\/?page_id=26#breadcrumb\",\"itemListElement\":[{\"@type\":\"ListItem\",\"position\":1,\"item\":{\"@type\":\"WebPage\",\"@id\":\"https:\/\/lelumuseohelminauha.fi\/\",\"url\":\"https:\/\/lelumuseohelminauha.fi\/\",\"name\":\"Home\"}},{\"@type\":\"ListItem\",\"position\":2,\"item\":{\"@id\":\"https:\/\/lelumuseohelminauha.fi\/?page_id=26#webpage\"}}]}]}<\/script>\n<!-- \/ Yoast SEO plugin. -->","jetpack_sharing_enabled":true,"_links":{"self":[{"href":"https:\/\/lelumuseohelminauha.fi\/index.php?rest_route=\/wp\/v2\/pages\/26","targetHints":{"allow":["GET"]}}],"collection":[{"href":"https:\/\/lelumuseohelminauha.fi\/index.php?rest_route=\/wp\/v2\/pages"}],"about":[{"href":"https:\/\/lelumuseohelminauha.fi\/index.php?rest_route=\/wp\/v2\/types\/page"}],"author":[{"embeddable":true,"href":"https:\/\/lelumuseohelminauha.fi\/index.php?rest_route=\/wp\/v2\/users\/2"}],"replies":[{"embeddable":true,"href":"https:\/\/lelumuseohelminauha.fi\/index.php?rest_route=%2Fwp%2Fv2%2Fcomments&post=26"}],"version-history":[{"count":42,"href":"https:\/\/lelumuseohelminauha.fi\/index.php?rest_route=\/wp\/v2\/pages\/26\/revisions"}],"predecessor-version":[{"id":836,"href":"https:\/\/lelumuseohelminauha.fi\/index.php?rest_route=\/wp\/v2\/pages\/26\/revisions\/836"}],"wp:attachment":[{"href":"https:\/\/lelumuseohelminauha.fi\/index.php?rest_route=%2Fwp%2Fv2%2Fmedia&parent=26"}],"curies":[{"name":"wp","href":"https:\/\/api.w.org\/{rel}","templated":true}]}}