{"id":41,"date":"2017-09-15T06:36:49","date_gmt":"2017-09-15T06:36:49","guid":{"rendered":"http:\/\/lelumuseohelminauha.fi\/?page_id=41"},"modified":"2024-07-29T06:00:53","modified_gmt":"2024-07-29T04:00:53","slug":"yhteystiedot","status":"publish","type":"page","link":"https:\/\/lelumuseohelminauha.fi\/?page_id=41","title":{"rendered":"Yhteystiedot"},"content":{"rendered":"<p>L\u00f6yd\u00e4tte meid\u00e4t osoitteesta: Alhonkoulutie 19, 42100 J\u00e4ms\u00e4<\/p>\n<p>Kiitos kuluneesta vuodesta 2024! Avaamme j\u00e4lleen kes\u00e4ll\u00e4 2025<\/p>\n<p><iframe style=\"border: 0;\" src=\"https:\/\/www.google.com\/maps\/embed?pb=!1m14!1m8!1m3!1d7533.888927065912!2d25.1349781!3d61.8312724!3m2!1i1024!2i768!4f13.1!3m3!1m2!1s0x0%3A0x5656199f5d138bcd!2sLelumuseo+Helminauha!5e0!3m2!1sfi!2sfi!4v1505457149981\" width=\"600\" height=\"450\" frameborder=\"0\" allowfullscreen=\"allowfullscreen\"><\/iframe><br \/>\nYhteydenotot ja ryhm\u00e4varaukset:<\/p>\n<p>Taila Helin: 040-722 8647<\/p>\n<p>helin.taila@gmail.com<\/p>\n<p>Kari Helin: 040-5877338<\/p>\n","protected":false},"excerpt":{"rendered":"<p>L\u00f6yd\u00e4tte meid\u00e4t osoitteesta: Alhonkoulutie 19, 42100 J\u00e4ms\u00e4 Kiitos kuluneesta vuodesta 2024! Avaamme j\u00e4lleen kes\u00e4ll\u00e4 2025 Yhteydenotot ja ryhm\u00e4varaukset: Taila Helin: 040-722 8647 helin.taila@gmail.com Kari Helin: 040-5877338<\/p>\n","protected":false},"author":1,"featured_media":0,"parent":0,"menu_order":0,"comment_status":"closed","ping_status":"closed","template":"template-full.php","meta":{"spay_email":"","footnotes":""},"class_list":["post-41","page","type-page","status-publish","hentry"],"yoast_head":"<!-- This site is optimized with the Yoast SEO plugin v16.4 - https:\/\/yoast.com\/wordpress\/plugins\/seo\/ -->\n<title>Yhteystiedot - Lelumuseo Helminauha<\/title>\n<meta name=\"robots\" content=\"index, follow, max-snippet:-1, max-image-preview:large, max-video-preview:-1\" \/>\n<link rel=\"canonical\" href=\"https:\/\/lelumuseohelminauha.fi\/?page_id=41\" \/>\n<meta property=\"og:locale\" content=\"en_US\" \/>\n<meta property=\"og:type\" content=\"article\" \/>\n<meta property=\"og:title\" content=\"Yhteystiedot - Lelumuseo Helminauha\" \/>\n<meta property=\"og:description\" content=\"L\u00f6yd\u00e4tte meid\u00e4t osoitteesta: Alhonkoulutie 19, 42100 J\u00e4ms\u00e4 Kiitos kuluneesta vuodesta 2024! Avaamme j\u00e4lleen kes\u00e4ll\u00e4 2025 Yhteydenotot ja ryhm\u00e4varaukset: Taila Helin: 040-722 8647 helin.taila@gmail.com Kari Helin: 040-5877338\" \/>\n<meta property=\"og:url\" content=\"https:\/\/lelumuseohelminauha.fi\/?page_id=41\" \/>\n<meta property=\"og:site_name\" content=\"Lelumuseo Helminauha\" \/>\n<meta property=\"article:modified_time\" content=\"2024-07-29T04:00:53+00:00\" \/>\n<meta name=\"twitter:card\" content=\"summary_large_image\" \/>\n<meta name=\"twitter:label1\" content=\"Est. reading time\" \/>\n\t<meta name=\"twitter:data1\" content=\"1 minute\" \/>\n<script type=\"application\/ld+json\" class=\"yoast-schema-graph\">{\"@context\":\"https:\/\/schema.org\",\"@graph\":[{\"@type\":\"WebSite\",\"@id\":\"https:\/\/lelumuseohelminauha.fi\/#website\",\"url\":\"https:\/\/lelumuseohelminauha.fi\/\",\"name\":\"Lelumuseo Helminauha\",\"description\":\"Suomen suurin yksityinen Lelumuseo J\\u00e4ms\\u00e4n Alhoj\\u00e4rvell\\u00e4\",\"potentialAction\":[{\"@type\":\"SearchAction\",\"target\":\"https:\/\/lelumuseohelminauha.fi\/?s={search_term_string}\",\"query-input\":\"required name=search_term_string\"}],\"inLanguage\":\"en-US\"},{\"@type\":\"WebPage\",\"@id\":\"https:\/\/lelumuseohelminauha.fi\/?page_id=41#webpage\",\"url\":\"https:\/\/lelumuseohelminauha.fi\/?page_id=41\",\"name\":\"Yhteystiedot - Lelumuseo Helminauha\",\"isPartOf\":{\"@id\":\"https:\/\/lelumuseohelminauha.fi\/#website\"},\"datePublished\":\"2017-09-15T06:36:49+00:00\",\"dateModified\":\"2024-07-29T04:00:53+00:00\",\"breadcrumb\":{\"@id\":\"https:\/\/lelumuseohelminauha.fi\/?page_id=41#breadcrumb\"},\"inLanguage\":\"en-US\",\"potentialAction\":[{\"@type\":\"ReadAction\",\"target\":[\"https:\/\/lelumuseohelminauha.fi\/?page_id=41\"]}]},{\"@type\":\"BreadcrumbList\",\"@id\":\"https:\/\/lelumuseohelminauha.fi\/?page_id=41#breadcrumb\",\"itemListElement\":[{\"@type\":\"ListItem\",\"position\":1,\"item\":{\"@type\":\"WebPage\",\"@id\":\"https:\/\/lelumuseohelminauha.fi\/\",\"url\":\"https:\/\/lelumuseohelminauha.fi\/\",\"name\":\"Home\"}},{\"@type\":\"ListItem\",\"position\":2,\"item\":{\"@id\":\"https:\/\/lelumuseohelminauha.fi\/?page_id=41#webpage\"}}]}]}<\/script>\n<!-- \/ Yoast SEO plugin. -->","jetpack_sharing_enabled":true,"_links":{"self":[{"href":"https:\/\/lelumuseohelminauha.fi\/index.php?rest_route=\/wp\/v2\/pages\/41","targetHints":{"allow":["GET"]}}],"collection":[{"href":"https:\/\/lelumuseohelminauha.fi\/index.php?rest_route=\/wp\/v2\/pages"}],"about":[{"href":"https:\/\/lelumuseohelminauha.fi\/index.php?rest_route=\/wp\/v2\/types\/page"}],"author":[{"embeddable":true,"href":"https:\/\/lelumuseohelminauha.fi\/index.php?rest_route=\/wp\/v2\/users\/1"}],"replies":[{"embeddable":true,"href":"https:\/\/lelumuseohelminauha.fi\/index.php?rest_route=%2Fwp%2Fv2%2Fcomments&post=41"}],"version-history":[{"count":13,"href":"https:\/\/lelumuseohelminauha.fi\/index.php?rest_route=\/wp\/v2\/pages\/41\/revisions"}],"predecessor-version":[{"id":792,"href":"https:\/\/lelumuseohelminauha.fi\/index.php?rest_route=\/wp\/v2\/pages\/41\/revisions\/792"}],"wp:attachment":[{"href":"https:\/\/lelumuseohelminauha.fi\/index.php?rest_route=%2Fwp%2Fv2%2Fmedia&parent=41"}],"curies":[{"name":"wp","href":"https:\/\/api.w.org\/{rel}","templated":true}]}}